{"id":38,"date":"2024-04-28T20:15:46","date_gmt":"2024-04-28T17:15:46","guid":{"rendered":"https:\/\/minikelleraslianaokulu.com\/tur\/?page_id=38"},"modified":"2024-04-28T22:48:22","modified_gmt":"2024-04-28T19:48:22","slug":"iletisim","status":"publish","type":"page","link":"https:\/\/minikelleraslianaokulu.com\/tur\/iletisim\/","title":{"rendered":"\u0130leti\u015fim"},"content":{"rendered":"\t\t<div data-elementor-type=\"wp-page\" data-elementor-id=\"38\" class=\"elementor elementor-38\" data-elementor-post-type=\"page\">\n\t\t\t\t<div class=\"elementor-element elementor-element-1affa49 e-flex e-con-boxed e-con e-parent\" data-id=\"1affa49\" data-element_type=\"container\" data-e-type=\"container\">\n\t\t\t\t\t<div class=\"e-con-inner\">\n\t\t\t\t<div class=\"elementor-element elementor-element-b060b3b elementor-widget elementor-widget-heading\" data-id=\"b060b3b\" data-element_type=\"widget\" data-e-type=\"widget\" data-widget_type=\"heading.default\">\n\t\t\t\t<div class=\"elementor-widget-container\">\n\t\t\t\t\t<h2 class=\"elementor-heading-title elementor-size-default\">Adres  Bilgi<\/h2>\t\t\t\t<\/div>\n\t\t\t\t<\/div>\n\t\t\t\t<div class=\"elementor-element elementor-element-e42cd80 elementor-widget elementor-widget-text-editor\" data-id=\"e42cd80\" data-element_type=\"widget\" data-e-type=\"widget\" data-widget_type=\"text-editor.default\">\n\t\t\t\t<div class=\"elementor-widget-container\">\n\t\t\t\t\t\t\t\t\t<div class=\"fusion-text fusion-text-2\"><p>Minik Eller Asl\u0131 Anaokulu<br \/>Esentepe Mah. Sancak Cd. Aker Evren Evleri No:4\/A \u00c7orlu \/ Tekirda\u011f<br \/>0282 651 9751 | info@minikelleraslianaokulu.com<\/p><\/div><div class=\"fusion-text fusion-text-3\"><p>Bize her konuda ula\u015fabilir, sorular\u0131n\u0131z\u0131n cevaplar\u0131n\u0131 \u00f6\u011frenebilirsiniz.<\/p><\/div>\t\t\t\t\t\t\t\t<\/div>\n\t\t\t\t<\/div>\n\t\t\t\t\t<\/div>\n\t\t\t\t<\/div>\n\t\t<div class=\"elementor-element elementor-element-b663674 e-flex e-con-boxed e-con e-parent\" data-id=\"b663674\" data-element_type=\"container\" data-e-type=\"container\">\n\t\t\t\t\t<div class=\"e-con-inner\">\n\t\t\t\t<div class=\"elementor-element elementor-element-d9d0785 elementor-widget elementor-widget-text-editor\" data-id=\"d9d0785\" data-element_type=\"widget\" data-e-type=\"widget\" data-widget_type=\"text-editor.default\">\n\t\t\t\t<div class=\"elementor-widget-container\">\n\t\t\t\t\t\t\t\t\t<p style=\"text-align: center;\"><iframe src=\"https:\/\/www.google.com\/maps\/d\/u\/0\/embed?mid=1n_133WmHvry3kTg7xqmvtFKYOj4\" width=\"1000\" height=\"400\"><\/iframe><\/p>\t\t\t\t\t\t\t\t<\/div>\n\t\t\t\t<\/div>\n\t\t\t\t\t<\/div>\n\t\t\t\t<\/div>\n\t\t\t\t<\/div>\n\t\t","protected":false},"excerpt":{"rendered":"<p>Adres Bilgi Minik Eller Asl\u0131 AnaokuluEsentepe Mah. Sancak Cd. Aker Evren Evleri No:4\/A \u00c7orlu \/ Tekirda\u011f0282 651 9751 | info@minikelleraslianaokulu.com Bize her konuda ula\u015fabilir, sorular\u0131n\u0131z\u0131n cevaplar\u0131n\u0131 \u00f6\u011frenebilirsiniz.<\/p>\n","protected":false},"author":1,"featured_media":0,"parent":0,"menu_order":0,"comment_status":"closed","ping_status":"closed","template":"","meta":{"footnotes":""},"class_list":["post-38","page","type-page","status-publish","hentry"],"_links":{"self":[{"href":"https:\/\/minikelleraslianaokulu.com\/tur\/wp-json\/wp\/v2\/pages\/38","targetHints":{"allow":["GET"]}}],"collection":[{"href":"https:\/\/minikelleraslianaokulu.com\/tur\/wp-json\/wp\/v2\/pages"}],"about":[{"href":"https:\/\/minikelleraslianaokulu.com\/tur\/wp-json\/wp\/v2\/types\/page"}],"author":[{"embeddable":true,"href":"https:\/\/minikelleraslianaokulu.com\/tur\/wp-json\/wp\/v2\/users\/1"}],"replies":[{"embeddable":true,"href":"https:\/\/minikelleraslianaokulu.com\/tur\/wp-json\/wp\/v2\/comments?post=38"}],"version-history":[{"count":4,"href":"https:\/\/minikelleraslianaokulu.com\/tur\/wp-json\/wp\/v2\/pages\/38\/revisions"}],"predecessor-version":[{"id":4232,"href":"https:\/\/minikelleraslianaokulu.com\/tur\/wp-json\/wp\/v2\/pages\/38\/revisions\/4232"}],"wp:attachment":[{"href":"https:\/\/minikelleraslianaokulu.com\/tur\/wp-json\/wp\/v2\/media?parent=38"}],"curies":[{"name":"wp","href":"https:\/\/api.w.org\/{rel}","templated":true}]}}