{"id":32,"date":"2024-04-28T20:15:05","date_gmt":"2024-04-28T17:15:05","guid":{"rendered":"https:\/\/minikelleraslianaokulu.com\/tur\/?page_id=32"},"modified":"2024-04-28T22:04:42","modified_gmt":"2024-04-28T19:04:42","slug":"hikayemiz","status":"publish","type":"page","link":"https:\/\/minikelleraslianaokulu.com\/tur\/hikayemiz\/","title":{"rendered":"Hikayemiz"},"content":{"rendered":"\t\t<div data-elementor-type=\"wp-page\" data-elementor-id=\"32\" class=\"elementor elementor-32\" data-elementor-post-type=\"page\">\n\t\t\t\t<div class=\"elementor-element elementor-element-2442751 e-flex e-con-boxed e-con e-parent\" data-id=\"2442751\" data-element_type=\"container\" data-e-type=\"container\">\n\t\t\t\t\t<div class=\"e-con-inner\">\n\t\t\t\t<div class=\"elementor-element elementor-element-361e877 elementor-widget elementor-widget-image\" data-id=\"361e877\" data-element_type=\"widget\" data-e-type=\"widget\" data-widget_type=\"image.default\">\n\t\t\t\t<div class=\"elementor-widget-container\">\n\t\t\t\t\t\t\t\t\t\t\t\t\t\t\t<img fetchpriority=\"high\" decoding=\"async\" width=\"800\" height=\"450\" src=\"https:\/\/minikelleraslianaokulu.com\/tur\/wp-content\/uploads\/2024\/04\/okulumuz-buyudu-4.jpg\" class=\"attachment-large size-large wp-image-104\" alt=\"\" srcset=\"https:\/\/minikelleraslianaokulu.com\/tur\/wp-content\/uploads\/2024\/04\/okulumuz-buyudu-4.jpg 800w, https:\/\/minikelleraslianaokulu.com\/tur\/wp-content\/uploads\/2024\/04\/okulumuz-buyudu-4-300x169.jpg 300w, https:\/\/minikelleraslianaokulu.com\/tur\/wp-content\/uploads\/2024\/04\/okulumuz-buyudu-4-768x432.jpg 768w\" sizes=\"(max-width: 800px) 100vw, 800px\" \/>\t\t\t\t\t\t\t\t\t\t\t\t\t\t\t<\/div>\n\t\t\t\t<\/div>\n\t\t\t\t<div class=\"elementor-element elementor-element-e4004c1 elementor-widget elementor-widget-heading\" data-id=\"e4004c1\" data-element_type=\"widget\" data-e-type=\"widget\" data-widget_type=\"heading.default\">\n\t\t\t\t<div class=\"elementor-widget-container\">\n\t\t\t\t\t<h2 class=\"elementor-heading-title elementor-size-default\">Hikayemiz..<\/h2>\t\t\t\t<\/div>\n\t\t\t\t<\/div>\n\t\t\t\t\t<\/div>\n\t\t\t\t<\/div>\n\t\t<div class=\"elementor-element elementor-element-167f161 e-flex e-con-boxed e-con e-parent\" data-id=\"167f161\" data-element_type=\"container\" data-e-type=\"container\">\n\t\t\t\t\t<div class=\"e-con-inner\">\n\t\t\t\t<div class=\"elementor-element elementor-element-90e5ca0 elementor-widget elementor-widget-text-editor\" data-id=\"90e5ca0\" data-element_type=\"widget\" data-e-type=\"widget\" data-widget_type=\"text-editor.default\">\n\t\t\t\t<div class=\"elementor-widget-container\">\n\t\t\t\t\t\t\t\t\t<h3 class=\"fusion-responsive-typography-calculated\" data-fontsize=\"16\" data-lineheight=\"24px\">Ne zaman ba\u015flad\u0131k?<\/h3><p>2000 y\u0131l\u0131 a\u011fustos ay\u0131ndan bu yana \u00a0\u00c7orlu da \u00e7ocuklar\u0131n\u0131za \u00e7ocuklar\u0131m\u0131z gibi davrand\u0131k. Onlar\u0131n en iyi \u015fekilde geli\u015fmesine destek olmaya \u00e7al\u0131\u015ft\u0131k.<\/p>\t\t\t\t\t\t\t\t<\/div>\n\t\t\t\t<\/div>\n\t\t\t\t<div class=\"elementor-element elementor-element-ba24af3 elementor-widget-divider--view-line elementor-widget elementor-widget-divider\" data-id=\"ba24af3\" data-element_type=\"widget\" data-e-type=\"widget\" data-widget_type=\"divider.default\">\n\t\t\t\t<div class=\"elementor-widget-container\">\n\t\t\t\t\t\t\t<div class=\"elementor-divider\">\n\t\t\t<span class=\"elementor-divider-separator\">\n\t\t\t\t\t\t<\/span>\n\t\t<\/div>\n\t\t\t\t\t\t<\/div>\n\t\t\t\t<\/div>\n\t\t\t\t<div class=\"elementor-element elementor-element-57ee3ba elementor-widget elementor-widget-text-editor\" data-id=\"57ee3ba\" data-element_type=\"widget\" data-e-type=\"widget\" data-widget_type=\"text-editor.default\">\n\t\t\t\t<div class=\"elementor-widget-container\">\n\t\t\t\t\t\t\t\t\t<h3 class=\"fusion-responsive-typography-calculated\" data-fontsize=\"16\" data-lineheight=\"24px\">YAKLA\u015eIK 1200 K\u00dc\u00c7\u00dcK \u0130NSAN<\/h3><p>Kariyerimiz boyunca yakla\u015f\u0131k 1200 \u00e7ocu\u011fumuzun geli\u015fimine destek olduk, onlar\u0131n b\u00fcy\u00fcd\u00fcklerini bir \u00e7o\u011funun kocaman insanlar olduklar\u0131n\u0131 g\u00f6rd\u00fck<\/p>\t\t\t\t\t\t\t\t<\/div>\n\t\t\t\t<\/div>\n\t\t\t\t<div class=\"elementor-element elementor-element-0d5cc25 elementor-widget-divider--view-line elementor-widget elementor-widget-divider\" data-id=\"0d5cc25\" data-element_type=\"widget\" data-e-type=\"widget\" data-widget_type=\"divider.default\">\n\t\t\t\t<div class=\"elementor-widget-container\">\n\t\t\t\t\t\t\t<div class=\"elementor-divider\">\n\t\t\t<span class=\"elementor-divider-separator\">\n\t\t\t\t\t\t<\/span>\n\t\t<\/div>\n\t\t\t\t\t\t<\/div>\n\t\t\t\t<\/div>\n\t\t\t\t<div class=\"elementor-element elementor-element-b0dd14f elementor-widget elementor-widget-text-editor\" data-id=\"b0dd14f\" data-element_type=\"widget\" data-e-type=\"widget\" data-widget_type=\"text-editor.default\">\n\t\t\t\t<div class=\"elementor-widget-container\">\n\t\t\t\t\t\t\t\t\t<h3 class=\"fusion-responsive-typography-calculated\" data-fontsize=\"16\" data-lineheight=\"24px\">YEN\u0130 YER\u0130M\u0130ZE TA\u015eINDIK<\/h3><p>Sadece \u00e7ocuklar\u0131m\u0131za uygun olsun diye en s\u0131f\u0131rdan \u015fimdiki okulumuzu haz\u0131rlatt\u0131k. Yere g\u00f6re de\u011fil okulumuza g\u00f6re yer yapt\u0131k.<\/p>\t\t\t\t\t\t\t\t<\/div>\n\t\t\t\t<\/div>\n\t\t\t\t<div class=\"elementor-element elementor-element-9d7a826 elementor-widget-divider--view-line elementor-widget elementor-widget-divider\" data-id=\"9d7a826\" data-element_type=\"widget\" data-e-type=\"widget\" data-widget_type=\"divider.default\">\n\t\t\t\t<div class=\"elementor-widget-container\">\n\t\t\t\t\t\t\t<div class=\"elementor-divider\">\n\t\t\t<span class=\"elementor-divider-separator\">\n\t\t\t\t\t\t<\/span>\n\t\t<\/div>\n\t\t\t\t\t\t<\/div>\n\t\t\t\t<\/div>\n\t\t\t\t<div class=\"elementor-element elementor-element-a7df1e0 elementor-widget elementor-widget-text-editor\" data-id=\"a7df1e0\" data-element_type=\"widget\" data-e-type=\"widget\" data-widget_type=\"text-editor.default\">\n\t\t\t\t<div class=\"elementor-widget-container\">\n\t\t\t\t\t\t\t\t\t<h3 class=\"fusion-responsive-typography-calculated\" data-fontsize=\"16\" data-lineheight=\"24px\">100 GRUP ETK\u0130NL\u0130\u011e\u0130<\/h3><p>Her y\u0131l mezuniyet, gezi, g\u00f6steri ve oyun olarak s\u0131n\u0131f\u00e7a ve okulca farkl\u0131 etkinlikler d\u00fczenleyip sergiledik.<\/p>\t\t\t\t\t\t\t\t<\/div>\n\t\t\t\t<\/div>\n\t\t\t\t<div class=\"elementor-element elementor-element-601c136 elementor-widget-divider--view-line elementor-widget elementor-widget-divider\" data-id=\"601c136\" data-element_type=\"widget\" data-e-type=\"widget\" data-widget_type=\"divider.default\">\n\t\t\t\t<div class=\"elementor-widget-container\">\n\t\t\t\t\t\t\t<div class=\"elementor-divider\">\n\t\t\t<span class=\"elementor-divider-separator\">\n\t\t\t\t\t\t<\/span>\n\t\t<\/div>\n\t\t\t\t\t\t<\/div>\n\t\t\t\t<\/div>\n\t\t\t\t<div class=\"elementor-element elementor-element-295854e elementor-widget elementor-widget-text-editor\" data-id=\"295854e\" data-element_type=\"widget\" data-e-type=\"widget\" data-widget_type=\"text-editor.default\">\n\t\t\t\t<div class=\"elementor-widget-container\">\n\t\t\t\t\t\t\t\t\t<h3 class=\"fusion-responsive-typography-calculated\" data-fontsize=\"16\" data-lineheight=\"24px\">20 FARKLI USTA \u00d6\u011eRET\u0130C\u0130<\/h3><p>17 y\u0131l boyunca 20 farkl\u0131 usta \u00f6\u011fretici ile \u00e7al\u0131\u015ft\u0131k. \u015eu anda da 5 usta \u00f6\u011fretici ile \u00e7ocuklar\u0131m\u0131za destek olmaya devam ediyoruz.<\/p>\t\t\t\t\t\t\t\t<\/div>\n\t\t\t\t<\/div>\n\t\t\t\t<div class=\"elementor-element elementor-element-d4c4515 elementor-widget-divider--view-line elementor-widget elementor-widget-divider\" data-id=\"d4c4515\" data-element_type=\"widget\" data-e-type=\"widget\" data-widget_type=\"divider.default\">\n\t\t\t\t<div class=\"elementor-widget-container\">\n\t\t\t\t\t\t\t<div class=\"elementor-divider\">\n\t\t\t<span class=\"elementor-divider-separator\">\n\t\t\t\t\t\t<\/span>\n\t\t<\/div>\n\t\t\t\t\t\t<\/div>\n\t\t\t\t<\/div>\n\t\t\t\t\t<\/div>\n\t\t\t\t<\/div>\n\t\t<div class=\"elementor-element elementor-element-2ac4acc e-flex e-con-boxed e-con e-parent\" data-id=\"2ac4acc\" data-element_type=\"container\" data-e-type=\"container\" data-settings=\"{&quot;background_background&quot;:&quot;classic&quot;}\">\n\t\t\t\t\t<div class=\"e-con-inner\">\n\t\t\t\t<div class=\"elementor-element elementor-element-7e5688b elementor-widget elementor-widget-text-editor\" data-id=\"7e5688b\" data-element_type=\"widget\" data-e-type=\"widget\" data-widget_type=\"text-editor.default\">\n\t\t\t\t<div class=\"elementor-widget-container\">\n\t\t\t\t\t\t\t\t\t<div class=\"fusion-text fusion-text-2\"><h2 class=\"fusion-responsive-typography-calculated\" data-fontsize=\"45\" data-lineheight=\"67.5px\">HAKKIMIZDA<\/h2><\/div><div class=\"fusion-text fusion-text-3\"><p>Okulumuz Minik Eller Asl\u0131\u00a0 Anaokulu ; \u00fclkemizde okul\u00f6ncesi e\u011fitimin sistemli bir \u015fekilde uygulanmaya ba\u015fland\u0131\u011f\u0131 2000 \u2018li y\u0131llardan bu yana\u00a0 topluma hizmet veren \u00f6nc\u00fc bir e\u011fitim kurumudur.<\/p><p>Okulumuz b\u00fcnyesindeki\u00a0 Anaokulunun e\u011fitim hizmetinin hem kaliteli hem de uzun s\u00fcreli olmas\u0131nda ;\u00f6\u011fretmenlerimizin i\u015fin ehli olmas\u0131 ve fedakarca \u00e7al\u0131\u015fmas\u0131; velilerimizin kat\u0131l\u0131mc\u0131 yakla\u015f\u0131mlar\u0131; y\u00f6netimin ise okul\u00f6ncesi e\u011fitimin \u00f6nemine ve gereklili\u011fine inan\u0131yor olmas\u0131n\u0131n pay\u0131 b\u00fcy\u00fckt\u00fcr.<\/p><p>Okulumuzda her \u00e7ocuk \u00f6zeldir ve bir tanedir.Her \u00e7ocu\u011fun istek ve ihtiya\u00e7lar\u0131 \u00f6nemlidir.\u00c7ocu\u011fun ihtiya\u00e7lar\u0131na cevap vermek temel prensibimizdir.<\/p><p>Okulumuz ; \u00e7ocuklar\u0131m\u0131z i\u00e7in e\u011flenerek \u00f6\u011frendikleri, sosyalle\u015ftikleri, kendilerini ke\u015ffettikleri, olumlu benlik geli\u015ftirdikleri ,keyifle beslendikleri, \u00f6zbak\u0131m becerilerini ger\u00e7ekle\u015ftirdikleri bir ya\u015fam merkezidir.<\/p><p>Okulumuzdaki etkinlikler sayesinde estetik ve yarat\u0131c\u0131l\u0131k , \u00e7evresel duyarl\u0131l\u0131k, bilimsel merak konular\u0131nda fark\u0131ndal\u0131k geli\u015ftirmektedir\u00a0\u00e7ocuklar\u0131m\u0131z\u0131n akademik becerileri \u00f6\u011frenmelerinin yan\u0131 s\u0131ra duygusal zekalar\u0131n\u0131 geli\u015ftirmektir.Duygusal zekas\u0131 y\u00fcksek olan \u00e7ocuklar\u0131m\u0131z\u0131n hayat ba\u015far\u0131s\u0131n\u0131n y\u00fcksek olaca\u011f\u0131 ve daha \u00fcretken olaca\u011f\u0131 inanc\u0131nday\u0131z.ayr\u0131ca her y\u00fczy\u0131lda oldu\u011fu gibi i\u00e7inde bulundu\u011fumuz y\u00fczy\u0131lda da kaliteli e\u011fitim alan ,duygu e\u011fitimi ger\u00e7ekle\u015ftirmi\u015f bireyler toplumlara y\u00f6n verirler.Duygu e\u011fitiminde de ama\u00e7\u00a0 kendini tan\u0131yan ,potansiyelini bilen ,duygular\u0131n\u0131 yerli yerinde kullanabilen bireyler yeti\u015ftirmektir.duygu e\u011fitimi alm\u0131\u015f bireyler mutlu olmay\u0131 ba\u015farabilmektedir..<\/p><p>\u00c7ocuklar\u0131m\u0131z\u0131n sa\u011fl\u0131\u011f\u0131 i\u00e7in temiz ve hijyenik e\u011fitim ortamlar\u0131 ,geni\u015f bir fiziksel alan ,beden e\u011fitimi aktiviteleri,\u00a0 a\u00e7\u0131khava ve bah\u00e7ede bulunan e\u011fitsel ve geli\u015fime y\u00f6nelik\u00a0 donan\u0131mlar okulumuzun veliler taraf\u0131ndan tercih sebeplerinden biridir.<\/p><p>Dengeli ve yeterli beslenme i\u00e7in haz\u0131rlanan yemek listeleri ve kullan\u0131lan kaliteli besin malzemeleri sayesinde \u00e7ocuklar\u0131m\u0131z i\u00e7in yemek saatleri keyifle ge\u00e7irilen vakitler olmaktad\u0131r.<\/p><p>Veli toplant\u0131lar\u0131 ,veli seminerleri,gazete b\u00fcltenleri, bireysel veli g\u00f6r\u00fc\u015fmeleri anneler g\u00fcn\u00fc Program\u0131,23 Nisan \u00c7ocuk Bayram\u0131\u00a0 ve mezuniyet Programlar\u0131 ile okulumuz velilerinin e\u011fitimin \u00f6nemli bir par\u00e7as\u0131 oldu\u011funu g\u00f6stermekteyiz.Veliler bizim i\u00e7in \u00e7ocuklar\u0131m\u0131z kadar de\u011ferlidir.<\/p><p>\u0130ngilizce Dersi ile \u00e7ocuklar\u0131m\u0131z\u0131n yabanc\u0131 dile yatk\u0131nl\u0131\u011f\u0131n\u0131;<\/p><p>Folklor Dersi ile k\u00fclt\u00fcrel de\u011ferlerini ve beden geli\u015fimini \u00a0,hedeflemekteyiz.<\/p><p>E\u011fitimcilerimizin verimli ve \u00fcretken; \u00e7ocuklar\u0131m\u0131z\u0131n mutlu ve ne\u015feli, velilerimizin ise memnun ve rahat olduklar\u0131 bir e\u011fitim y\u0131l\u0131 \u00fcmidiyle sizlerle tan\u0131\u015fmak i\u00e7in sab\u0131rs\u0131zlan\u0131yoruz.<\/p><\/div>\t\t\t\t\t\t\t\t<\/div>\n\t\t\t\t<\/div>\n\t\t\t\t<div class=\"elementor-element elementor-element-e4dd2bf elementor-widget elementor-widget-gallery\" data-id=\"e4dd2bf\" data-element_type=\"widget\" data-e-type=\"widget\" data-settings=\"{&quot;lazyload&quot;:&quot;yes&quot;,&quot;gallery_layout&quot;:&quot;grid&quot;,&quot;columns&quot;:4,&quot;columns_tablet&quot;:2,&quot;columns_mobile&quot;:1,&quot;gap&quot;:{&quot;unit&quot;:&quot;px&quot;,&quot;size&quot;:10,&quot;sizes&quot;:[]},&quot;gap_tablet&quot;:{&quot;unit&quot;:&quot;px&quot;,&quot;size&quot;:10,&quot;sizes&quot;:[]},&quot;gap_mobile&quot;:{&quot;unit&quot;:&quot;px&quot;,&quot;size&quot;:10,&quot;sizes&quot;:[]},&quot;link_to&quot;:&quot;file&quot;,&quot;aspect_ratio&quot;:&quot;3:2&quot;,&quot;overlay_background&quot;:&quot;yes&quot;,&quot;content_hover_animation&quot;:&quot;fade-in&quot;}\" data-widget_type=\"gallery.default\">\n\t\t\t\t<div class=\"elementor-widget-container\">\n\t\t\t\t\t\t\t<div class=\"elementor-gallery__container\">\n\t\t\t\t\t\t\t<a class=\"e-gallery-item elementor-gallery-item elementor-animated-content\" href=\"https:\/\/minikelleraslianaokulu.com\/tur\/wp-content\/uploads\/2024\/04\/minikeller-asli-anaokulu-beyaz-bayrak-belgesi.jpg\" data-elementor-open-lightbox=\"yes\" data-elementor-lightbox-slideshow=\"e4dd2bf\" data-elementor-lightbox-title=\"minikeller-asli-anaokulu-beyaz-bayrak-belgesi\" data-e-action-hash=\"#elementor-action%3Aaction%3Dlightbox%26settings%3DeyJpZCI6MTA1LCJ1cmwiOiJodHRwczpcL1wvbWluaWtlbGxlcmFzbGlhbmFva3VsdS5jb21cL3R1clwvd3AtY29udGVudFwvdXBsb2Fkc1wvMjAyNFwvMDRcL21pbmlrZWxsZXItYXNsaS1hbmFva3VsdS1iZXlhei1iYXlyYWstYmVsZ2VzaS5qcGciLCJzbGlkZXNob3ciOiJlNGRkMmJmIn0%3D\">\n\t\t\t\t\t<div class=\"e-gallery-image elementor-gallery-item__image\" data-thumbnail=\"https:\/\/minikelleraslianaokulu.com\/tur\/wp-content\/uploads\/2024\/04\/minikeller-asli-anaokulu-beyaz-bayrak-belgesi-300x214.jpg\" data-width=\"300\" data-height=\"214\" aria-label=\"\" role=\"img\" ><\/div>\n\t\t\t\t\t\t\t\t\t\t\t<div class=\"elementor-gallery-item__overlay\"><\/div>\n\t\t\t\t\t\t\t\t\t\t\t\t\t\t<\/a>\n\t\t\t\t\t\t\t<a class=\"e-gallery-item elementor-gallery-item elementor-animated-content\" href=\"https:\/\/minikelleraslianaokulu.com\/tur\/wp-content\/uploads\/2024\/04\/minikeller-asli-anaokulu-ilkyardim-belgesi.jpg\" data-elementor-open-lightbox=\"yes\" data-elementor-lightbox-slideshow=\"e4dd2bf\" data-elementor-lightbox-title=\"minikeller-asli-anaokulu-ilkyardim-belgesi\" data-e-action-hash=\"#elementor-action%3Aaction%3Dlightbox%26settings%3DeyJpZCI6MTA2LCJ1cmwiOiJodHRwczpcL1wvbWluaWtlbGxlcmFzbGlhbmFva3VsdS5jb21cL3R1clwvd3AtY29udGVudFwvdXBsb2Fkc1wvMjAyNFwvMDRcL21pbmlrZWxsZXItYXNsaS1hbmFva3VsdS1pbGt5YXJkaW0tYmVsZ2VzaS5qcGciLCJzbGlkZXNob3ciOiJlNGRkMmJmIn0%3D\">\n\t\t\t\t\t<div class=\"e-gallery-image elementor-gallery-item__image\" data-thumbnail=\"https:\/\/minikelleraslianaokulu.com\/tur\/wp-content\/uploads\/2024\/04\/minikeller-asli-anaokulu-ilkyardim-belgesi-300x214.jpg\" data-width=\"300\" data-height=\"214\" aria-label=\"\" role=\"img\" ><\/div>\n\t\t\t\t\t\t\t\t\t\t\t<div class=\"elementor-gallery-item__overlay\"><\/div>\n\t\t\t\t\t\t\t\t\t\t\t\t\t\t<\/a>\n\t\t\t\t\t\t\t<a class=\"e-gallery-item elementor-gallery-item elementor-animated-content\" href=\"https:\/\/minikelleraslianaokulu.com\/tur\/wp-content\/uploads\/2024\/04\/minikeller-asli-anaokulu-ilkyardimci-sertifikasi-belgesi.jpg\" data-elementor-open-lightbox=\"yes\" data-elementor-lightbox-slideshow=\"e4dd2bf\" data-elementor-lightbox-title=\"minikeller-asli-anaokulu-ilkyardimci-sertifikasi-belgesi\" data-e-action-hash=\"#elementor-action%3Aaction%3Dlightbox%26settings%3DeyJpZCI6MTA3LCJ1cmwiOiJodHRwczpcL1wvbWluaWtlbGxlcmFzbGlhbmFva3VsdS5jb21cL3R1clwvd3AtY29udGVudFwvdXBsb2Fkc1wvMjAyNFwvMDRcL21pbmlrZWxsZXItYXNsaS1hbmFva3VsdS1pbGt5YXJkaW1jaS1zZXJ0aWZpa2FzaS1iZWxnZXNpLmpwZyIsInNsaWRlc2hvdyI6ImU0ZGQyYmYifQ%3D%3D\">\n\t\t\t\t\t<div class=\"e-gallery-image elementor-gallery-item__image\" data-thumbnail=\"https:\/\/minikelleraslianaokulu.com\/tur\/wp-content\/uploads\/2024\/04\/minikeller-asli-anaokulu-ilkyardimci-sertifikasi-belgesi-300x214.jpg\" data-width=\"300\" data-height=\"214\" aria-label=\"\" role=\"img\" ><\/div>\n\t\t\t\t\t\t\t\t\t\t\t<div class=\"elementor-gallery-item__overlay\"><\/div>\n\t\t\t\t\t\t\t\t\t\t\t\t\t\t<\/a>\n\t\t\t\t\t\t\t<a class=\"e-gallery-item elementor-gallery-item elementor-animated-content\" href=\"https:\/\/minikelleraslianaokulu.com\/tur\/wp-content\/uploads\/2024\/04\/minikeller-asli-anaokulu-issaglisi-belgesi.jpg\" data-elementor-open-lightbox=\"yes\" data-elementor-lightbox-slideshow=\"e4dd2bf\" data-elementor-lightbox-title=\"minikeller-asli-anaokulu-issaglisi-belgesi\" data-e-action-hash=\"#elementor-action%3Aaction%3Dlightbox%26settings%3DeyJpZCI6MTA4LCJ1cmwiOiJodHRwczpcL1wvbWluaWtlbGxlcmFzbGlhbmFva3VsdS5jb21cL3R1clwvd3AtY29udGVudFwvdXBsb2Fkc1wvMjAyNFwvMDRcL21pbmlrZWxsZXItYXNsaS1hbmFva3VsdS1pc3NhZ2xpc2ktYmVsZ2VzaS5qcGciLCJzbGlkZXNob3ciOiJlNGRkMmJmIn0%3D\">\n\t\t\t\t\t<div class=\"e-gallery-image elementor-gallery-item__image\" data-thumbnail=\"https:\/\/minikelleraslianaokulu.com\/tur\/wp-content\/uploads\/2024\/04\/minikeller-asli-anaokulu-issaglisi-belgesi-300x211.jpg\" data-width=\"300\" data-height=\"211\" aria-label=\"\" role=\"img\" ><\/div>\n\t\t\t\t\t\t\t\t\t\t\t<div class=\"elementor-gallery-item__overlay\"><\/div>\n\t\t\t\t\t\t\t\t\t\t\t\t\t\t<\/a>\n\t\t\t\t\t<\/div>\n\t\t\t\t\t<\/div>\n\t\t\t\t<\/div>\n\t\t\t\t\t<\/div>\n\t\t\t\t<\/div>\n\t\t\t\t<\/div>\n\t\t","protected":false},"excerpt":{"rendered":"<p>Hikayemiz.. Ne zaman ba\u015flad\u0131k? 2000 y\u0131l\u0131 a\u011fustos ay\u0131ndan bu yana \u00a0\u00c7orlu da \u00e7ocuklar\u0131n\u0131za \u00e7ocuklar\u0131m\u0131z gibi davrand\u0131k. Onlar\u0131n en iyi \u015fekilde geli\u015fmesine destek olmaya \u00e7al\u0131\u015ft\u0131k. YAKLA\u015eIK 1200 K\u00dc\u00c7\u00dcK \u0130NSAN Kariyerimiz boyunca yakla\u015f\u0131k 1200 \u00e7ocu\u011fumuzun geli\u015fimine destek olduk, onlar\u0131n b\u00fcy\u00fcd\u00fcklerini bir \u00e7o\u011funun kocaman insanlar olduklar\u0131n\u0131 g\u00f6rd\u00fck YEN\u0130 YER\u0130M\u0130ZE TA\u015eINDIK Sadece \u00e7ocuklar\u0131m\u0131za uygun olsun diye en s\u0131f\u0131rdan \u015fimdiki [&hellip;]<\/p>\n","protected":false},"author":1,"featured_media":0,"parent":0,"menu_order":0,"comment_status":"closed","ping_status":"closed","template":"","meta":{"footnotes":""},"class_list":["post-32","page","type-page","status-publish","hentry"],"_links":{"self":[{"href":"https:\/\/minikelleraslianaokulu.com\/tur\/wp-json\/wp\/v2\/pages\/32","targetHints":{"allow":["GET"]}}],"collection":[{"href":"https:\/\/minikelleraslianaokulu.com\/tur\/wp-json\/wp\/v2\/pages"}],"about":[{"href":"https:\/\/minikelleraslianaokulu.com\/tur\/wp-json\/wp\/v2\/types\/page"}],"author":[{"embeddable":true,"href":"https:\/\/minikelleraslianaokulu.com\/tur\/wp-json\/wp\/v2\/users\/1"}],"replies":[{"embeddable":true,"href":"https:\/\/minikelleraslianaokulu.com\/tur\/wp-json\/wp\/v2\/comments?post=32"}],"version-history":[{"count":7,"href":"https:\/\/minikelleraslianaokulu.com\/tur\/wp-json\/wp\/v2\/pages\/32\/revisions"}],"predecessor-version":[{"id":114,"href":"https:\/\/minikelleraslianaokulu.com\/tur\/wp-json\/wp\/v2\/pages\/32\/revisions\/114"}],"wp:attachment":[{"href":"https:\/\/minikelleraslianaokulu.com\/tur\/wp-json\/wp\/v2\/media?parent=32"}],"curies":[{"name":"wp","href":"https:\/\/api.w.org\/{rel}","templated":true}]}}