{"id":22,"date":"2024-04-28T20:13:24","date_gmt":"2024-04-28T17:13:24","guid":{"rendered":"https:\/\/minikelleraslianaokulu.com\/tur\/?page_id=22"},"modified":"2024-04-28T21:50:53","modified_gmt":"2024-04-28T18:50:53","slug":"siniflarimiz","status":"publish","type":"page","link":"https:\/\/minikelleraslianaokulu.com\/tur\/siniflarimiz\/","title":{"rendered":"S\u0131n\u0131flar\u0131m\u0131z"},"content":{"rendered":"\t\t<div data-elementor-type=\"wp-page\" data-elementor-id=\"22\" class=\"elementor elementor-22\" data-elementor-post-type=\"page\">\n\t\t\t\t<div class=\"elementor-element elementor-element-6271988 e-flex e-con-boxed e-con e-parent\" data-id=\"6271988\" data-element_type=\"container\" data-e-type=\"container\">\n\t\t\t\t\t<div class=\"e-con-inner\">\n\t\t\t\t<div class=\"elementor-element elementor-element-f2438cf elementor-widget elementor-widget-image\" data-id=\"f2438cf\" data-element_type=\"widget\" data-e-type=\"widget\" data-widget_type=\"image.default\">\n\t\t\t\t<div class=\"elementor-widget-container\">\n\t\t\t\t\t\t\t\t\t\t\t\t\t\t\t<img fetchpriority=\"high\" decoding=\"async\" width=\"800\" height=\"293\" src=\"https:\/\/minikelleraslianaokulu.com\/tur\/wp-content\/uploads\/2024\/04\/courses_banner-kopya-1024x375.jpg\" class=\"attachment-large size-large wp-image-97\" alt=\"\" srcset=\"https:\/\/minikelleraslianaokulu.com\/tur\/wp-content\/uploads\/2024\/04\/courses_banner-kopya-1024x375.jpg 1024w, https:\/\/minikelleraslianaokulu.com\/tur\/wp-content\/uploads\/2024\/04\/courses_banner-kopya-300x110.jpg 300w, https:\/\/minikelleraslianaokulu.com\/tur\/wp-content\/uploads\/2024\/04\/courses_banner-kopya-768x282.jpg 768w, https:\/\/minikelleraslianaokulu.com\/tur\/wp-content\/uploads\/2024\/04\/courses_banner-kopya.jpg 1200w\" sizes=\"(max-width: 800px) 100vw, 800px\" \/>\t\t\t\t\t\t\t\t\t\t\t\t\t\t\t<\/div>\n\t\t\t\t<\/div>\n\t\t\t\t<div class=\"elementor-element elementor-element-262c4d9 elementor-widget elementor-widget-heading\" data-id=\"262c4d9\" data-element_type=\"widget\" data-e-type=\"widget\" data-widget_type=\"heading.default\">\n\t\t\t\t<div class=\"elementor-widget-container\">\n\t\t\t\t\t<h2 class=\"elementor-heading-title elementor-size-default\">S\u0131n\u0131flar\u0131m\u0131z<\/h2>\t\t\t\t<\/div>\n\t\t\t\t<\/div>\n\t\t\t\t\t<\/div>\n\t\t\t\t<\/div>\n\t\t<div class=\"elementor-element elementor-element-b1d61d7 e-flex e-con-boxed e-con e-parent\" data-id=\"b1d61d7\" data-element_type=\"container\" data-e-type=\"container\">\n\t\t\t\t\t<div class=\"e-con-inner\">\n\t\t<div class=\"elementor-element elementor-element-1bffbe5 e-con-full e-flex e-con e-child\" data-id=\"1bffbe5\" data-element_type=\"container\" data-e-type=\"container\">\n\t\t\t\t<div class=\"elementor-element elementor-element-10c41e8 elementor-widget elementor-widget-image\" data-id=\"10c41e8\" data-element_type=\"widget\" data-e-type=\"widget\" data-widget_type=\"image.default\">\n\t\t\t\t<div class=\"elementor-widget-container\">\n\t\t\t\t\t\t\t\t\t\t\t\t\t\t\t<img decoding=\"async\" width=\"400\" height=\"400\" src=\"https:\/\/minikelleraslianaokulu.com\/tur\/wp-content\/uploads\/2024\/04\/courses_section_1.jpg\" class=\"attachment-large size-large wp-image-98\" alt=\"\" srcset=\"https:\/\/minikelleraslianaokulu.com\/tur\/wp-content\/uploads\/2024\/04\/courses_section_1.jpg 400w, https:\/\/minikelleraslianaokulu.com\/tur\/wp-content\/uploads\/2024\/04\/courses_section_1-300x300.jpg 300w, https:\/\/minikelleraslianaokulu.com\/tur\/wp-content\/uploads\/2024\/04\/courses_section_1-150x150.jpg 150w\" sizes=\"(max-width: 400px) 100vw, 400px\" \/>\t\t\t\t\t\t\t\t\t\t\t\t\t\t\t<\/div>\n\t\t\t\t<\/div>\n\t\t\t\t<\/div>\n\t\t<div class=\"elementor-element elementor-element-d47818f e-con-full e-flex e-con e-child\" data-id=\"d47818f\" data-element_type=\"container\" data-e-type=\"container\">\n\t\t\t\t<div class=\"elementor-element elementor-element-c120c83 elementor-widget elementor-widget-heading\" data-id=\"c120c83\" data-element_type=\"widget\" data-e-type=\"widget\" data-widget_type=\"heading.default\">\n\t\t\t\t<div class=\"elementor-widget-container\">\n\t\t\t\t\t<h2 class=\"elementor-heading-title elementor-size-default\">Okul \u00f6ncesi ana s\u0131n\u0131f\u0131<\/h2>\t\t\t\t<\/div>\n\t\t\t\t<\/div>\n\t\t\t\t<div class=\"elementor-element elementor-element-78e99e5 elementor-widget-divider--view-line elementor-widget elementor-widget-divider\" data-id=\"78e99e5\" data-element_type=\"widget\" data-e-type=\"widget\" data-widget_type=\"divider.default\">\n\t\t\t\t<div class=\"elementor-widget-container\">\n\t\t\t\t\t\t\t<div class=\"elementor-divider\">\n\t\t\t<span class=\"elementor-divider-separator\">\n\t\t\t\t\t\t<\/span>\n\t\t<\/div>\n\t\t\t\t\t\t<\/div>\n\t\t\t\t<\/div>\n\t\t\t\t<div class=\"elementor-element elementor-element-97f351e elementor-widget elementor-widget-text-editor\" data-id=\"97f351e\" data-element_type=\"widget\" data-e-type=\"widget\" data-widget_type=\"text-editor.default\">\n\t\t\t\t<div class=\"elementor-widget-container\">\n\t\t\t\t\t\t\t\t\t<p>Okul \u00f6ncesi e\u011fitim s\u00fcresince \u00e7ocuklar ilk \u00f6\u011fretime haz\u0131rlan\u0131rken, payla\u015fmay\u0131, dayan\u0131\u015fmay\u0131,sosyalle\u015fmeyi ve birlikte \u00e7al\u0131\u015fmay\u0131 \u00f6\u011frenirler.<\/p><p>Okul \u00f6ncesi \u00f6\u011frenmeye ilgi uyand\u0131rmak ve \u00e7ocu\u011fun varolan yeteneklerini g\u00f6r\u00fcn\u00fcr k\u0131lmakt\u0131r.<\/p>\t\t\t\t\t\t\t\t<\/div>\n\t\t\t\t<\/div>\n\t\t\t\t<\/div>\n\t\t\t\t\t<\/div>\n\t\t\t\t<\/div>\n\t\t<div class=\"elementor-element elementor-element-59e975f e-flex e-con-boxed e-con e-parent\" data-id=\"59e975f\" data-element_type=\"container\" data-e-type=\"container\">\n\t\t\t\t\t<div class=\"e-con-inner\">\n\t\t\t\t<div class=\"elementor-element elementor-element-272fb9b elementor-widget-divider--view-line elementor-widget elementor-widget-divider\" data-id=\"272fb9b\" data-element_type=\"widget\" data-e-type=\"widget\" data-widget_type=\"divider.default\">\n\t\t\t\t<div class=\"elementor-widget-container\">\n\t\t\t\t\t\t\t<div class=\"elementor-divider\">\n\t\t\t<span class=\"elementor-divider-separator\">\n\t\t\t\t\t\t<\/span>\n\t\t<\/div>\n\t\t\t\t\t\t<\/div>\n\t\t\t\t<\/div>\n\t\t\t\t\t<\/div>\n\t\t\t\t<\/div>\n\t\t<div class=\"elementor-element elementor-element-22291dd e-flex e-con-boxed e-con e-parent\" data-id=\"22291dd\" data-element_type=\"container\" data-e-type=\"container\">\n\t\t\t\t\t<div class=\"e-con-inner\">\n\t\t<div class=\"elementor-element elementor-element-3de083f e-con-full e-flex e-con e-child\" data-id=\"3de083f\" data-element_type=\"container\" data-e-type=\"container\">\n\t\t\t\t<div class=\"elementor-element elementor-element-cfcaf7a elementor-widget elementor-widget-image\" data-id=\"cfcaf7a\" data-element_type=\"widget\" data-e-type=\"widget\" data-widget_type=\"image.default\">\n\t\t\t\t<div class=\"elementor-widget-container\">\n\t\t\t\t\t\t\t\t\t\t\t\t\t\t\t<img decoding=\"async\" width=\"400\" height=\"400\" src=\"https:\/\/minikelleraslianaokulu.com\/tur\/wp-content\/uploads\/2024\/04\/courses_section_1.jpg\" class=\"attachment-large size-large wp-image-98\" alt=\"\" srcset=\"https:\/\/minikelleraslianaokulu.com\/tur\/wp-content\/uploads\/2024\/04\/courses_section_1.jpg 400w, https:\/\/minikelleraslianaokulu.com\/tur\/wp-content\/uploads\/2024\/04\/courses_section_1-300x300.jpg 300w, https:\/\/minikelleraslianaokulu.com\/tur\/wp-content\/uploads\/2024\/04\/courses_section_1-150x150.jpg 150w\" sizes=\"(max-width: 400px) 100vw, 400px\" \/>\t\t\t\t\t\t\t\t\t\t\t\t\t\t\t<\/div>\n\t\t\t\t<\/div>\n\t\t\t\t<\/div>\n\t\t<div class=\"elementor-element elementor-element-051c97e e-con-full e-flex e-con e-child\" data-id=\"051c97e\" data-element_type=\"container\" data-e-type=\"container\">\n\t\t\t\t<div class=\"elementor-element elementor-element-d9ad222 elementor-widget elementor-widget-heading\" data-id=\"d9ad222\" data-element_type=\"widget\" data-e-type=\"widget\" data-widget_type=\"heading.default\">\n\t\t\t\t<div class=\"elementor-widget-container\">\n\t\t\t\t\t<h2 class=\"elementor-heading-title elementor-size-default\">Anas\u0131n\u0131f\u0131na \u00f6n haz\u0131rl\u0131k s\u0131n\u0131f\u0131<\/h2>\t\t\t\t<\/div>\n\t\t\t\t<\/div>\n\t\t\t\t<div class=\"elementor-element elementor-element-234cebf elementor-widget-divider--view-line elementor-widget elementor-widget-divider\" data-id=\"234cebf\" data-element_type=\"widget\" data-e-type=\"widget\" data-widget_type=\"divider.default\">\n\t\t\t\t<div class=\"elementor-widget-container\">\n\t\t\t\t\t\t\t<div class=\"elementor-divider\">\n\t\t\t<span class=\"elementor-divider-separator\">\n\t\t\t\t\t\t<\/span>\n\t\t<\/div>\n\t\t\t\t\t\t<\/div>\n\t\t\t\t<\/div>\n\t\t\t\t<div class=\"elementor-element elementor-element-98abd6c elementor-widget elementor-widget-text-editor\" data-id=\"98abd6c\" data-element_type=\"widget\" data-e-type=\"widget\" data-widget_type=\"text-editor.default\">\n\t\t\t\t<div class=\"elementor-widget-container\">\n\t\t\t\t\t\t\t\t\t<p>E\u011fitim \u2013 \u00f6\u011frenci \u2013 \u00f6\u011fretmen \u00fc\u00e7geninden olu\u015fan bir platformdur. Bu birliktelikte anas\u0131n\u0131f\u0131na \u00f6n haz\u0131rl\u0131ktaki en b\u00fcy\u00fck kazan\u0131m oynarken \u00f6\u011frenmektir. \u00c7ocuklar\u0131m\u0131z \u00a0b\u00f6yle bir ortamda sa\u011flam bir ki\u015filik kazanmaktad\u0131r.<\/p>\t\t\t\t\t\t\t\t<\/div>\n\t\t\t\t<\/div>\n\t\t\t\t<\/div>\n\t\t\t\t\t<\/div>\n\t\t\t\t<\/div>\n\t\t<div class=\"elementor-element elementor-element-1ef8708 e-flex e-con-boxed e-con e-parent\" data-id=\"1ef8708\" data-element_type=\"container\" data-e-type=\"container\">\n\t\t\t\t\t<div class=\"e-con-inner\">\n\t\t\t\t<div class=\"elementor-element elementor-element-3cc75c4 elementor-widget-divider--view-line elementor-widget elementor-widget-divider\" data-id=\"3cc75c4\" data-element_type=\"widget\" data-e-type=\"widget\" data-widget_type=\"divider.default\">\n\t\t\t\t<div class=\"elementor-widget-container\">\n\t\t\t\t\t\t\t<div class=\"elementor-divider\">\n\t\t\t<span class=\"elementor-divider-separator\">\n\t\t\t\t\t\t<\/span>\n\t\t<\/div>\n\t\t\t\t\t\t<\/div>\n\t\t\t\t<\/div>\n\t\t\t\t\t<\/div>\n\t\t\t\t<\/div>\n\t\t<div class=\"elementor-element elementor-element-b52f94a e-flex e-con-boxed e-con e-parent\" data-id=\"b52f94a\" data-element_type=\"container\" data-e-type=\"container\">\n\t\t\t\t\t<div class=\"e-con-inner\">\n\t\t<div class=\"elementor-element elementor-element-1dec03a e-con-full e-flex e-con e-child\" data-id=\"1dec03a\" data-element_type=\"container\" data-e-type=\"container\">\n\t\t\t\t<div class=\"elementor-element elementor-element-b413343 elementor-widget elementor-widget-image\" data-id=\"b413343\" data-element_type=\"widget\" data-e-type=\"widget\" data-widget_type=\"image.default\">\n\t\t\t\t<div class=\"elementor-widget-container\">\n\t\t\t\t\t\t\t\t\t\t\t\t\t\t\t<img decoding=\"async\" width=\"400\" height=\"400\" src=\"https:\/\/minikelleraslianaokulu.com\/tur\/wp-content\/uploads\/2024\/04\/courses_section_1.jpg\" class=\"attachment-large size-large wp-image-98\" alt=\"\" srcset=\"https:\/\/minikelleraslianaokulu.com\/tur\/wp-content\/uploads\/2024\/04\/courses_section_1.jpg 400w, https:\/\/minikelleraslianaokulu.com\/tur\/wp-content\/uploads\/2024\/04\/courses_section_1-300x300.jpg 300w, https:\/\/minikelleraslianaokulu.com\/tur\/wp-content\/uploads\/2024\/04\/courses_section_1-150x150.jpg 150w\" sizes=\"(max-width: 400px) 100vw, 400px\" \/>\t\t\t\t\t\t\t\t\t\t\t\t\t\t\t<\/div>\n\t\t\t\t<\/div>\n\t\t\t\t<\/div>\n\t\t<div class=\"elementor-element elementor-element-b084823 e-con-full e-flex e-con e-child\" data-id=\"b084823\" data-element_type=\"container\" data-e-type=\"container\">\n\t\t\t\t<div class=\"elementor-element elementor-element-914e692 elementor-widget elementor-widget-heading\" data-id=\"914e692\" data-element_type=\"widget\" data-e-type=\"widget\" data-widget_type=\"heading.default\">\n\t\t\t\t<div class=\"elementor-widget-container\">\n\t\t\t\t\t<h2 class=\"elementor-heading-title elementor-size-default\">3-4 ya\u015f s\u0131n\u0131f\u0131<\/h2>\t\t\t\t<\/div>\n\t\t\t\t<\/div>\n\t\t\t\t<div class=\"elementor-element elementor-element-4d3bbcd elementor-widget-divider--view-line elementor-widget elementor-widget-divider\" data-id=\"4d3bbcd\" data-element_type=\"widget\" data-e-type=\"widget\" data-widget_type=\"divider.default\">\n\t\t\t\t<div class=\"elementor-widget-container\">\n\t\t\t\t\t\t\t<div class=\"elementor-divider\">\n\t\t\t<span class=\"elementor-divider-separator\">\n\t\t\t\t\t\t<\/span>\n\t\t<\/div>\n\t\t\t\t\t\t<\/div>\n\t\t\t\t<\/div>\n\t\t\t\t<div class=\"elementor-element elementor-element-a70760f elementor-widget elementor-widget-text-editor\" data-id=\"a70760f\" data-element_type=\"widget\" data-e-type=\"widget\" data-widget_type=\"text-editor.default\">\n\t\t\t\t<div class=\"elementor-widget-container\">\n\t\t\t\t\t\t\t\t\t<p>E\u011fitimin sa\u011flam temeller \u00fczerine kurulmas\u0131nda b\u00fcy\u00fck bir basamakt\u0131r. \u0130leri ya\u015flardaki ba\u015far\u0131lar\u0131na en b\u00fcy\u00fck kazan\u0131mlar\u0131n\u0131n elde edildi\u011fi bir d\u00f6nemdir.<\/p><p>3 ya\u015f\u0131na kadar bir \u00e7ocu\u011fun beyni yeti\u015fkin den 2,5 kat daha fazla \u00e7al\u0131\u015f\u0131r.<\/p>\t\t\t\t\t\t\t\t<\/div>\n\t\t\t\t<\/div>\n\t\t\t\t<\/div>\n\t\t\t\t\t<\/div>\n\t\t\t\t<\/div>\n\t\t<div class=\"elementor-element elementor-element-e406dbe e-flex e-con-boxed e-con e-parent\" data-id=\"e406dbe\" data-element_type=\"container\" data-e-type=\"container\">\n\t\t\t\t\t<div class=\"e-con-inner\">\n\t\t\t\t<div class=\"elementor-element elementor-element-221591b elementor-widget-divider--view-line elementor-widget elementor-widget-divider\" data-id=\"221591b\" data-element_type=\"widget\" data-e-type=\"widget\" data-widget_type=\"divider.default\">\n\t\t\t\t<div class=\"elementor-widget-container\">\n\t\t\t\t\t\t\t<div class=\"elementor-divider\">\n\t\t\t<span class=\"elementor-divider-separator\">\n\t\t\t\t\t\t<\/span>\n\t\t<\/div>\n\t\t\t\t\t\t<\/div>\n\t\t\t\t<\/div>\n\t\t\t\t\t<\/div>\n\t\t\t\t<\/div>\n\t\t<div class=\"elementor-element elementor-element-50bde3f e-flex e-con-boxed e-con e-parent\" data-id=\"50bde3f\" data-element_type=\"container\" data-e-type=\"container\">\n\t\t\t\t\t<div class=\"e-con-inner\">\n\t\t<div class=\"elementor-element elementor-element-d9c6589 e-con-full e-flex e-con e-child\" data-id=\"d9c6589\" data-element_type=\"container\" data-e-type=\"container\">\n\t\t\t\t<div class=\"elementor-element elementor-element-0333551 elementor-widget elementor-widget-image\" data-id=\"0333551\" data-element_type=\"widget\" data-e-type=\"widget\" data-widget_type=\"image.default\">\n\t\t\t\t<div class=\"elementor-widget-container\">\n\t\t\t\t\t\t\t\t\t\t\t\t\t\t\t<img decoding=\"async\" width=\"400\" height=\"400\" src=\"https:\/\/minikelleraslianaokulu.com\/tur\/wp-content\/uploads\/2024\/04\/courses_section_1.jpg\" class=\"attachment-large size-large wp-image-98\" alt=\"\" srcset=\"https:\/\/minikelleraslianaokulu.com\/tur\/wp-content\/uploads\/2024\/04\/courses_section_1.jpg 400w, https:\/\/minikelleraslianaokulu.com\/tur\/wp-content\/uploads\/2024\/04\/courses_section_1-300x300.jpg 300w, https:\/\/minikelleraslianaokulu.com\/tur\/wp-content\/uploads\/2024\/04\/courses_section_1-150x150.jpg 150w\" sizes=\"(max-width: 400px) 100vw, 400px\" \/>\t\t\t\t\t\t\t\t\t\t\t\t\t\t\t<\/div>\n\t\t\t\t<\/div>\n\t\t\t\t<\/div>\n\t\t<div class=\"elementor-element elementor-element-9606589 e-con-full e-flex e-con e-child\" data-id=\"9606589\" data-element_type=\"container\" data-e-type=\"container\">\n\t\t\t\t<div class=\"elementor-element elementor-element-8786922 elementor-widget elementor-widget-heading\" data-id=\"8786922\" data-element_type=\"widget\" data-e-type=\"widget\" data-widget_type=\"heading.default\">\n\t\t\t\t<div class=\"elementor-widget-container\">\n\t\t\t\t\t<h2 class=\"elementor-heading-title elementor-size-default\">Oyun grubu<\/h2>\t\t\t\t<\/div>\n\t\t\t\t<\/div>\n\t\t\t\t<div class=\"elementor-element elementor-element-050f2a2 elementor-widget-divider--view-line elementor-widget elementor-widget-divider\" data-id=\"050f2a2\" data-element_type=\"widget\" data-e-type=\"widget\" data-widget_type=\"divider.default\">\n\t\t\t\t<div class=\"elementor-widget-container\">\n\t\t\t\t\t\t\t<div class=\"elementor-divider\">\n\t\t\t<span class=\"elementor-divider-separator\">\n\t\t\t\t\t\t<\/span>\n\t\t<\/div>\n\t\t\t\t\t\t<\/div>\n\t\t\t\t<\/div>\n\t\t\t\t<div class=\"elementor-element elementor-element-0d8f331 elementor-widget elementor-widget-text-editor\" data-id=\"0d8f331\" data-element_type=\"widget\" data-e-type=\"widget\" data-widget_type=\"text-editor.default\">\n\t\t\t\t<div class=\"elementor-widget-container\">\n\t\t\t\t\t\t\t\t\t<p>Sevgi S\u0131n\u0131f\u0131<\/p><p>\u00c7ocuklar\u0131n ana kuca\u011f\u0131ndanki yo\u011fun ilgiden sonraki ilk \u00e7oklu ortamda ge\u00e7irdikleri yepyeni bir penceredir.<\/p>\t\t\t\t\t\t\t\t<\/div>\n\t\t\t\t<\/div>\n\t\t\t\t<\/div>\n\t\t\t\t\t<\/div>\n\t\t\t\t<\/div>\n\t\t\t\t<\/div>\n\t\t","protected":false},"excerpt":{"rendered":"<p>S\u0131n\u0131flar\u0131m\u0131z Okul \u00f6ncesi ana s\u0131n\u0131f\u0131 Okul \u00f6ncesi e\u011fitim s\u00fcresince \u00e7ocuklar ilk \u00f6\u011fretime haz\u0131rlan\u0131rken, payla\u015fmay\u0131, dayan\u0131\u015fmay\u0131,sosyalle\u015fmeyi ve birlikte \u00e7al\u0131\u015fmay\u0131 \u00f6\u011frenirler. Okul \u00f6ncesi \u00f6\u011frenmeye ilgi uyand\u0131rmak ve \u00e7ocu\u011fun varolan yeteneklerini g\u00f6r\u00fcn\u00fcr k\u0131lmakt\u0131r. Anas\u0131n\u0131f\u0131na \u00f6n haz\u0131rl\u0131k s\u0131n\u0131f\u0131 E\u011fitim \u2013 \u00f6\u011frenci \u2013 \u00f6\u011fretmen \u00fc\u00e7geninden olu\u015fan bir platformdur. Bu birliktelikte anas\u0131n\u0131f\u0131na \u00f6n haz\u0131rl\u0131ktaki en b\u00fcy\u00fck kazan\u0131m oynarken \u00f6\u011frenmektir. \u00c7ocuklar\u0131m\u0131z \u00a0b\u00f6yle [&hellip;]<\/p>\n","protected":false},"author":1,"featured_media":0,"parent":0,"menu_order":0,"comment_status":"closed","ping_status":"closed","template":"","meta":{"footnotes":""},"class_list":["post-22","page","type-page","status-publish","hentry"],"_links":{"self":[{"href":"https:\/\/minikelleraslianaokulu.com\/tur\/wp-json\/wp\/v2\/pages\/22","targetHints":{"allow":["GET"]}}],"collection":[{"href":"https:\/\/minikelleraslianaokulu.com\/tur\/wp-json\/wp\/v2\/pages"}],"about":[{"href":"https:\/\/minikelleraslianaokulu.com\/tur\/wp-json\/wp\/v2\/types\/page"}],"author":[{"embeddable":true,"href":"https:\/\/minikelleraslianaokulu.com\/tur\/wp-json\/wp\/v2\/users\/1"}],"replies":[{"embeddable":true,"href":"https:\/\/minikelleraslianaokulu.com\/tur\/wp-json\/wp\/v2\/comments?post=22"}],"version-history":[{"count":5,"href":"https:\/\/minikelleraslianaokulu.com\/tur\/wp-json\/wp\/v2\/pages\/22\/revisions"}],"predecessor-version":[{"id":102,"href":"https:\/\/minikelleraslianaokulu.com\/tur\/wp-json\/wp\/v2\/pages\/22\/revisions\/102"}],"wp:attachment":[{"href":"https:\/\/minikelleraslianaokulu.com\/tur\/wp-json\/wp\/v2\/media?parent=22"}],"curies":[{"name":"wp","href":"https:\/\/api.w.org\/{rel}","templated":true}]}}