{"id":10,"date":"2024-04-28T20:18:09","date_gmt":"2024-04-28T17:18:09","guid":{"rendered":"https:\/\/minikelleraslianaokulu.com\/tur\/?page_id=10"},"modified":"2024-04-28T22:51:33","modified_gmt":"2024-04-28T19:51:33","slug":"anasayfa","status":"publish","type":"page","link":"https:\/\/minikelleraslianaokulu.com\/tur\/","title":{"rendered":"Anasayfa"},"content":{"rendered":"\t\t<div data-elementor-type=\"wp-page\" data-elementor-id=\"10\" class=\"elementor elementor-10\" data-elementor-post-type=\"page\">\n\t\t\t\t<div class=\"elementor-element elementor-element-f82a6fe e-flex e-con-boxed e-con e-parent\" data-id=\"f82a6fe\" data-element_type=\"container\" data-e-type=\"container\">\n\t\t\t\t\t<div class=\"e-con-inner\">\n\t\t\t\t<div class=\"elementor-element elementor-element-f7385be elementor--h-position-center elementor--v-position-middle elementor-arrows-position-inside elementor-pagination-position-inside elementor-widget elementor-widget-slides\" data-id=\"f7385be\" data-element_type=\"widget\" data-e-type=\"widget\" data-settings=\"{&quot;autoplay_speed&quot;:4000,&quot;navigation&quot;:&quot;both&quot;,&quot;autoplay&quot;:&quot;yes&quot;,&quot;pause_on_hover&quot;:&quot;yes&quot;,&quot;pause_on_interaction&quot;:&quot;yes&quot;,&quot;infinite&quot;:&quot;yes&quot;,&quot;transition&quot;:&quot;slide&quot;,&quot;transition_speed&quot;:500}\" data-widget_type=\"slides.default\">\n\t\t\t\t<div class=\"elementor-widget-container\">\n\t\t\t\t\t\t\t\t\t<div class=\"elementor-swiper\">\n\t\t\t\t\t<div class=\"elementor-slides-wrapper elementor-main-swiper swiper\" role=\"region\" aria-roledescription=\"carousel\" aria-label=\"Slides\" dir=\"ltr\" data-animation=\"fadeInUp\">\n\t\t\t\t<div class=\"swiper-wrapper elementor-slides\">\n\t\t\t\t\t\t\t\t\t\t<div class=\"elementor-repeater-item-a94bf94 swiper-slide\" role=\"group\" aria-roledescription=\"slide\"><div class=\"swiper-slide-bg elementor-ken-burns elementor-ken-burns--in\" role=\"img\" aria-label=\"banne1\"><\/div><div class=\"swiper-slide-inner\" ><div class=\"swiper-slide-contents\"><\/div><\/div><\/div><div class=\"elementor-repeater-item-e1a65b7 swiper-slide\" role=\"group\" aria-roledescription=\"slide\"><div class=\"swiper-slide-bg elementor-ken-burns elementor-ken-burns--in\" role=\"img\" aria-label=\"banner3\"><\/div><div class=\"swiper-slide-inner\" ><div class=\"swiper-slide-contents\"><\/div><\/div><\/div><div class=\"elementor-repeater-item-6ff64e4 swiper-slide\" role=\"group\" aria-roledescription=\"slide\"><div class=\"swiper-slide-bg elementor-ken-burns elementor-ken-burns--in\" role=\"img\" aria-label=\"banner2\"><\/div><div class=\"swiper-slide-inner\" ><div class=\"swiper-slide-contents\"><\/div><\/div><\/div><div class=\"elementor-repeater-item-a7e686d swiper-slide\" role=\"group\" aria-roledescription=\"slide\"><div class=\"swiper-slide-bg elementor-ken-burns elementor-ken-burns--in\" role=\"img\" aria-label=\"banner4\"><\/div><div class=\"swiper-slide-inner\" ><div class=\"swiper-slide-contents\"><\/div><\/div><\/div>\t\t\t\t<\/div>\n\t\t\t\t\t\t\t\t\t\t\t\t\t\t\t<div class=\"elementor-swiper-button elementor-swiper-button-prev\" role=\"button\" tabindex=\"0\" aria-label=\"Previous slide\">\n\t\t\t\t\t\t\t<svg aria-hidden=\"true\" class=\"e-font-icon-svg e-eicon-chevron-left\" viewBox=\"0 0 1000 1000\" xmlns=\"http:\/\/www.w3.org\/2000\/svg\"><path d=\"M646 125C629 125 613 133 604 142L308 442C296 454 292 471 292 487 292 504 296 521 308 533L604 854C617 867 629 875 646 875 663 875 679 871 692 858 704 846 713 829 713 812 713 796 708 779 692 767L438 487 692 225C700 217 708 204 708 187 708 171 704 154 692 142 675 129 663 125 646 125Z\"><\/path><\/svg>\t\t\t\t\t\t<\/div>\n\t\t\t\t\t\t<div class=\"elementor-swiper-button elementor-swiper-button-next\" role=\"button\" tabindex=\"0\" aria-label=\"Next slide\">\n\t\t\t\t\t\t\t<svg aria-hidden=\"true\" class=\"e-font-icon-svg e-eicon-chevron-right\" viewBox=\"0 0 1000 1000\" xmlns=\"http:\/\/www.w3.org\/2000\/svg\"><path d=\"M696 533C708 521 713 504 713 487 713 471 708 454 696 446L400 146C388 133 375 125 354 125 338 125 325 129 313 142 300 154 292 171 292 187 292 204 296 221 308 233L563 492 304 771C292 783 288 800 288 817 288 833 296 850 308 863 321 871 338 875 354 875 371 875 388 867 400 854L696 533Z\"><\/path><\/svg>\t\t\t\t\t\t<\/div>\n\t\t\t\t\t\t\t\t\t\t\t\t\t\t\t\t<div class=\"swiper-pagination\"><\/div>\n\t\t\t\t\t\t\t\t\t\t\t\t<\/div>\n\t\t\t\t<\/div>\n\t\t\t\t\t\t\t\t<\/div>\n\t\t\t\t<\/div>\n\t\t\t\t\t<\/div>\n\t\t\t\t<\/div>\n\t\t<div class=\"elementor-element elementor-element-97b8951 e-flex e-con-boxed e-con e-parent\" data-id=\"97b8951\" data-element_type=\"container\" data-e-type=\"container\">\n\t\t\t\t\t<div class=\"e-con-inner\">\n\t\t<div class=\"elementor-element elementor-element-d6656be e-con-full e-flex e-con e-child\" data-id=\"d6656be\" data-element_type=\"container\" data-e-type=\"container\">\n\t\t\t\t<div class=\"elementor-element elementor-element-50d2798 elementor-widget elementor-widget-image\" data-id=\"50d2798\" data-element_type=\"widget\" data-e-type=\"widget\" data-widget_type=\"image.default\">\n\t\t\t\t<div class=\"elementor-widget-container\">\n\t\t\t\t\t\t\t\t\t\t\t\t\t\t\t<img fetchpriority=\"high\" decoding=\"async\" width=\"400\" height=\"400\" src=\"https:\/\/minikelleraslianaokulu.com\/tur\/wp-content\/uploads\/2024\/04\/new-about.png\" class=\"attachment-large size-large wp-image-74\" alt=\"\" srcset=\"https:\/\/minikelleraslianaokulu.com\/tur\/wp-content\/uploads\/2024\/04\/new-about.png 400w, https:\/\/minikelleraslianaokulu.com\/tur\/wp-content\/uploads\/2024\/04\/new-about-300x300.png 300w, https:\/\/minikelleraslianaokulu.com\/tur\/wp-content\/uploads\/2024\/04\/new-about-150x150.png 150w\" sizes=\"(max-width: 400px) 100vw, 400px\" \/>\t\t\t\t\t\t\t\t\t\t\t\t\t\t\t<\/div>\n\t\t\t\t<\/div>\n\t\t\t\t<\/div>\n\t\t<div class=\"elementor-element elementor-element-4754340 e-con-full e-flex e-con e-child\" data-id=\"4754340\" data-element_type=\"container\" data-e-type=\"container\">\n\t\t\t\t<div class=\"elementor-element elementor-element-00cb280 elementor-widget elementor-widget-heading\" data-id=\"00cb280\" data-element_type=\"widget\" data-e-type=\"widget\" data-widget_type=\"heading.default\">\n\t\t\t\t<div class=\"elementor-widget-container\">\n\t\t\t\t\t<h2 class=\"elementor-heading-title elementor-size-default\">Onlar Mutlu Olsun diye..<\/h2>\t\t\t\t<\/div>\n\t\t\t\t<\/div>\n\t\t\t\t<div class=\"elementor-element elementor-element-09225bd elementor-widget elementor-widget-text-editor\" data-id=\"09225bd\" data-element_type=\"widget\" data-e-type=\"widget\" data-widget_type=\"text-editor.default\">\n\t\t\t\t<div class=\"elementor-widget-container\">\n\t\t\t\t\t\t\t\t\t<p>\u00c7ocuklar, \u00e7ocuklar\u0131m\u0131z en de\u011ferli varl\u0131klar\u0131m\u0131z. Geli\u015fimin en verimli oldu\u011fu anaokulu d\u00f6neminde okuldaki etkinlikler sayesinde estetik ve yarat\u0131c\u0131l\u0131k , \u00e7evresel duyarl\u0131l\u0131k, bilimsel merak konular\u0131n\u0131 i\u015fleyerek geli\u015fimlerine katk\u0131 sa\u011flamaya \u00e7al\u0131\u015f\u0131yoruz.<\/p><p>Okulumuz, \u00e7ocuklar\u0131m\u0131z i\u00e7in e\u011flenerek \u00f6\u011frendikleri, sosyalle\u015ftikleri, kendilerini ke\u015ffettikleri, olumlu benlik geli\u015ftirdikleri ,keyifle beslendikleri, \u00f6zbak\u0131m becerilerini ger\u00e7ekle\u015ftirdikleri bir ya\u015fam merkezidir.<\/p>\t\t\t\t\t\t\t\t<\/div>\n\t\t\t\t<\/div>\n\t\t\t\t<\/div>\n\t\t\t\t\t<\/div>\n\t\t\t\t<\/div>\n\t\t<div class=\"elementor-element elementor-element-cf7b43b e-flex e-con-boxed e-con e-parent\" data-id=\"cf7b43b\" data-element_type=\"container\" data-e-type=\"container\" data-settings=\"{&quot;background_background&quot;:&quot;classic&quot;}\">\n\t\t\t\t\t<div class=\"e-con-inner\">\n\t\t\t\t<div class=\"elementor-element elementor-element-e85399d elementor-widget elementor-widget-heading\" data-id=\"e85399d\" data-element_type=\"widget\" data-e-type=\"widget\" data-widget_type=\"heading.default\">\n\t\t\t\t<div class=\"elementor-widget-container\">\n\t\t\t\t\t<h2 class=\"elementor-heading-title elementor-size-default\">Okulumuz hakk\u0131nda k\u0131sa k\u0131sa..<\/h2>\t\t\t\t<\/div>\n\t\t\t\t<\/div>\n\t\t<div class=\"elementor-element elementor-element-0485b6d e-grid e-con-boxed e-con e-child\" data-id=\"0485b6d\" data-element_type=\"container\" data-e-type=\"container\">\n\t\t\t\t\t<div class=\"e-con-inner\">\n\t\t<div class=\"elementor-element elementor-element-de15aa2 e-grid e-con-boxed e-con e-child\" data-id=\"de15aa2\" data-element_type=\"container\" data-e-type=\"container\">\n\t\t\t\t\t<div class=\"e-con-inner\">\n\t\t\t\t<div class=\"elementor-element elementor-element-f2b6626 elementor-widget elementor-widget-image\" data-id=\"f2b6626\" data-element_type=\"widget\" data-e-type=\"widget\" data-widget_type=\"image.default\">\n\t\t\t\t<div class=\"elementor-widget-container\">\n\t\t\t\t\t\t\t\t\t\t\t\t\t\t\t<img decoding=\"async\" width=\"150\" height=\"150\" src=\"https:\/\/minikelleraslianaokulu.com\/tur\/wp-content\/uploads\/2024\/04\/icon_1.png\" class=\"attachment-large size-large wp-image-77\" alt=\"\" \/>\t\t\t\t\t\t\t\t\t\t\t\t\t\t\t<\/div>\n\t\t\t\t<\/div>\n\t\t\t\t<div class=\"elementor-element elementor-element-c97c9e3 elementor-widget elementor-widget-text-editor\" data-id=\"c97c9e3\" data-element_type=\"widget\" data-e-type=\"widget\" data-widget_type=\"text-editor.default\">\n\t\t\t\t<div class=\"elementor-widget-container\">\n\t\t\t\t\t\t\t\t\tUSTA \u00d6\u011eRETMENLER\u0130M\u0130Z<\/BR>\n&#8212;&#8212;<\/BR>\nTecr\u00fcbeli usta \u00f6\u011fretmenlerimizle \u00e7ocuklar\u0131m\u0131zla tek tek ilgileniyoruz.\t\t\t\t\t\t\t\t<\/div>\n\t\t\t\t<\/div>\n\t\t\t\t<div class=\"elementor-element elementor-element-cd4630e elementor-widget elementor-widget-image\" data-id=\"cd4630e\" data-element_type=\"widget\" data-e-type=\"widget\" data-widget_type=\"image.default\">\n\t\t\t\t<div class=\"elementor-widget-container\">\n\t\t\t\t\t\t\t\t\t\t\t\t\t\t\t<img decoding=\"async\" width=\"150\" height=\"150\" src=\"https:\/\/minikelleraslianaokulu.com\/tur\/wp-content\/uploads\/2024\/04\/icon_2.png\" class=\"attachment-large size-large wp-image-78\" alt=\"\" \/>\t\t\t\t\t\t\t\t\t\t\t\t\t\t\t<\/div>\n\t\t\t\t<\/div>\n\t\t\t\t<div class=\"elementor-element elementor-element-d9ae421 elementor-widget elementor-widget-text-editor\" data-id=\"d9ae421\" data-element_type=\"widget\" data-e-type=\"widget\" data-widget_type=\"text-editor.default\">\n\t\t\t\t<div class=\"elementor-widget-container\">\n\t\t\t\t\t\t\t\t\t<p>PRAT\u0130K \u00d6\u011eREN\u0130M<br \/>&#8212;&#8212;<br \/>\u00c7ocuklar\u0131m\u0131z\u0131 yormadan anlayabilecekleri \u015fekilde dersler veriyoruz.<\/p>\t\t\t\t\t\t\t\t<\/div>\n\t\t\t\t<\/div>\n\t\t\t\t\t<\/div>\n\t\t\t\t<\/div>\n\t\t<div class=\"elementor-element elementor-element-81d0fdc e-grid e-con-boxed e-con e-child\" data-id=\"81d0fdc\" data-element_type=\"container\" data-e-type=\"container\">\n\t\t\t\t\t<div class=\"e-con-inner\">\n\t\t\t\t<div class=\"elementor-element elementor-element-498c810 elementor-widget elementor-widget-image\" data-id=\"498c810\" data-element_type=\"widget\" data-e-type=\"widget\" data-widget_type=\"image.default\">\n\t\t\t\t<div class=\"elementor-widget-container\">\n\t\t\t\t\t\t\t\t\t\t\t\t\t\t\t<img loading=\"lazy\" decoding=\"async\" width=\"150\" height=\"150\" src=\"https:\/\/minikelleraslianaokulu.com\/tur\/wp-content\/uploads\/2024\/04\/icon_4.png\" class=\"attachment-large size-large wp-image-79\" alt=\"\" \/>\t\t\t\t\t\t\t\t\t\t\t\t\t\t\t<\/div>\n\t\t\t\t<\/div>\n\t\t\t\t<div class=\"elementor-element elementor-element-291586b elementor-widget elementor-widget-text-editor\" data-id=\"291586b\" data-element_type=\"widget\" data-e-type=\"widget\" data-widget_type=\"text-editor.default\">\n\t\t\t\t<div class=\"elementor-widget-container\">\n\t\t\t\t\t\t\t\t\t<p>TAM ANAOKULU<br \/>&#8212;&#8212;<br \/>Sadece \u00e7ocuklar\u0131m\u0131za uygun olsun diye okulumuzu s\u0131f\u0131rdan haz\u0131rlatt\u0131k.<\/p>\t\t\t\t\t\t\t\t<\/div>\n\t\t\t\t<\/div>\n\t\t\t\t<div class=\"elementor-element elementor-element-da0d418 elementor-widget elementor-widget-image\" data-id=\"da0d418\" data-element_type=\"widget\" data-e-type=\"widget\" data-widget_type=\"image.default\">\n\t\t\t\t<div class=\"elementor-widget-container\">\n\t\t\t\t\t\t\t\t\t\t\t\t\t\t\t<img loading=\"lazy\" decoding=\"async\" width=\"150\" height=\"150\" src=\"https:\/\/minikelleraslianaokulu.com\/tur\/wp-content\/uploads\/2024\/04\/icon_3.png\" class=\"attachment-large size-large wp-image-80\" alt=\"\" \/>\t\t\t\t\t\t\t\t\t\t\t\t\t\t\t<\/div>\n\t\t\t\t<\/div>\n\t\t\t\t<div class=\"elementor-element elementor-element-f206b56 elementor-widget elementor-widget-text-editor\" data-id=\"f206b56\" data-element_type=\"widget\" data-e-type=\"widget\" data-widget_type=\"text-editor.default\">\n\t\t\t\t<div class=\"elementor-widget-container\">\n\t\t\t\t\t\t\t\t\t<p>ETK\u0130NL\u0130KLER<br \/>&#8212;&#8212;<br \/>\u00c7ocuklar\u0131m\u0131z\u0131 yormadan D\u00f6nemler halinde s\u00fcrekli ve planl\u0131 etkinliklerimizle \u00e7ocuklar\u0131m\u0131z\u0131n ilgilerini artt\u0131r\u0131yoruz.<\/p>\t\t\t\t\t\t\t\t<\/div>\n\t\t\t\t<\/div>\n\t\t\t\t\t<\/div>\n\t\t\t\t<\/div>\n\t\t\t\t\t<\/div>\n\t\t\t\t<\/div>\n\t\t\t\t\t<\/div>\n\t\t\t\t<\/div>\n\t\t<div class=\"elementor-element elementor-element-4d1cc68 e-flex e-con-boxed e-con e-parent\" data-id=\"4d1cc68\" data-element_type=\"container\" data-e-type=\"container\">\n\t\t\t\t\t<div class=\"e-con-inner\">\n\t\t\t\t<div class=\"elementor-element elementor-element-3568c2c elementor-widget elementor-widget-heading\" data-id=\"3568c2c\" data-element_type=\"widget\" data-e-type=\"widget\" data-widget_type=\"heading.default\">\n\t\t\t\t<div class=\"elementor-widget-container\">\n\t\t\t\t\t<h2 class=\"elementor-heading-title elementor-size-default\">Bran\u015f Derslerimiz<\/h2>\t\t\t\t<\/div>\n\t\t\t\t<\/div>\n\t\t<div class=\"elementor-element elementor-element-1412e54 e-grid e-con-boxed e-con e-child\" data-id=\"1412e54\" data-element_type=\"container\" data-e-type=\"container\">\n\t\t\t\t\t<div class=\"e-con-inner\">\n\t\t\t\t<div class=\"elementor-element elementor-element-c96699b elementor-position-top elementor-widget elementor-widget-image-box\" data-id=\"c96699b\" data-element_type=\"widget\" data-e-type=\"widget\" data-widget_type=\"image-box.default\">\n\t\t\t\t<div class=\"elementor-widget-container\">\n\t\t\t\t\t<div class=\"elementor-image-box-wrapper\"><figure class=\"elementor-image-box-img\"><img loading=\"lazy\" decoding=\"async\" width=\"800\" height=\"515\" src=\"https:\/\/minikelleraslianaokulu.com\/tur\/wp-content\/uploads\/2024\/04\/ingilizce-brans-dersi-minikeller-asli-anaokulu-corlu.jpg\" class=\"attachment-1536x1536 size-1536x1536 wp-image-85\" alt=\"\" srcset=\"https:\/\/minikelleraslianaokulu.com\/tur\/wp-content\/uploads\/2024\/04\/ingilizce-brans-dersi-minikeller-asli-anaokulu-corlu.jpg 800w, https:\/\/minikelleraslianaokulu.com\/tur\/wp-content\/uploads\/2024\/04\/ingilizce-brans-dersi-minikeller-asli-anaokulu-corlu-300x193.jpg 300w, https:\/\/minikelleraslianaokulu.com\/tur\/wp-content\/uploads\/2024\/04\/ingilizce-brans-dersi-minikeller-asli-anaokulu-corlu-768x494.jpg 768w\" sizes=\"(max-width: 800px) 100vw, 800px\" \/><\/figure><div class=\"elementor-image-box-content\"><h3 class=\"elementor-image-box-title\">\u0130ngilizce Derslerimiz<\/h3><p class=\"elementor-image-box-description\">Erken ya\u015fta verilen yabanc\u0131 dil \u00f6\u011fretimi sayesinde \u00e7ocuklar\u0131m\u0131z\u0131n zekas\u0131 geli\u015fmesini ve ana dilinde anlam kabiliyeti artmas\u0131n\u0131 hedefliyoruz.\n\n<\/br>\n\n- Haftada 2 g\u00fcn\n<\/br>\n- Grup \u00c7al\u0131\u015fmas\u0131<\/p><\/div><\/div>\t\t\t\t<\/div>\n\t\t\t\t<\/div>\n\t\t\t\t<div class=\"elementor-element elementor-element-c5c7d30 elementor-position-top elementor-widget elementor-widget-image-box\" data-id=\"c5c7d30\" data-element_type=\"widget\" data-e-type=\"widget\" data-widget_type=\"image-box.default\">\n\t\t\t\t<div class=\"elementor-widget-container\">\n\t\t\t\t\t<div class=\"elementor-image-box-wrapper\"><figure class=\"elementor-image-box-img\"><img loading=\"lazy\" decoding=\"async\" width=\"425\" height=\"282\" src=\"https:\/\/minikelleraslianaokulu.com\/tur\/wp-content\/uploads\/2024\/04\/modern-dans-brans-dersi-minikeller-asli-anaokulu-corlu.jpg\" class=\"attachment-2048x2048 size-2048x2048 wp-image-86\" alt=\"\" srcset=\"https:\/\/minikelleraslianaokulu.com\/tur\/wp-content\/uploads\/2024\/04\/modern-dans-brans-dersi-minikeller-asli-anaokulu-corlu.jpg 425w, https:\/\/minikelleraslianaokulu.com\/tur\/wp-content\/uploads\/2024\/04\/modern-dans-brans-dersi-minikeller-asli-anaokulu-corlu-300x199.jpg 300w\" sizes=\"(max-width: 425px) 100vw, 425px\" \/><\/figure><div class=\"elementor-image-box-content\"><h3 class=\"elementor-image-box-title\">Bale ve Modern Dans<\/h3><p class=\"elementor-image-box-description\">Uzman e\u011fitimcilerimizin y\u00f6nlendirmesiyle sa\u011fl\u0131kl\u0131 bir v\u00fccut geli\u015fimi sa\u011flamak, \u00e7ocuklardaki  enerjiyi do\u011fru yerlere y\u00f6nlendirmek i\u00e7in ortak \u00e7al\u0131\u015fma bilincini geli\u015ftirmeyi ama\u00e7layan; bale ritim, streching ve \u00e7e\u015fitli dans koreografi \u00e7al\u0131\u015fmalar\u0131 yap\u0131lmaktad\u0131r.\n\n<\/br>\n\n- D\u00f6nem Dersi\n<\/br>\n- Grup \u00c7al\u0131\u015fmas\u0131<\/p><\/div><\/div>\t\t\t\t<\/div>\n\t\t\t\t<\/div>\n\t\t\t\t<div class=\"elementor-element elementor-element-da3a638 elementor-position-top elementor-widget elementor-widget-image-box\" data-id=\"da3a638\" data-element_type=\"widget\" data-e-type=\"widget\" data-widget_type=\"image-box.default\">\n\t\t\t\t<div class=\"elementor-widget-container\">\n\t\t\t\t\t<div class=\"elementor-image-box-wrapper\"><figure class=\"elementor-image-box-img\"><img loading=\"lazy\" decoding=\"async\" width=\"1154\" height=\"558\" src=\"https:\/\/minikelleraslianaokulu.com\/tur\/wp-content\/uploads\/2024\/04\/cocuk-yogasi-brans-dersi-minikeller-asli-anaokulu-corlu.jpg\" class=\"attachment-2048x2048 size-2048x2048 wp-image-87\" alt=\"\" srcset=\"https:\/\/minikelleraslianaokulu.com\/tur\/wp-content\/uploads\/2024\/04\/cocuk-yogasi-brans-dersi-minikeller-asli-anaokulu-corlu.jpg 1154w, https:\/\/minikelleraslianaokulu.com\/tur\/wp-content\/uploads\/2024\/04\/cocuk-yogasi-brans-dersi-minikeller-asli-anaokulu-corlu-300x145.jpg 300w, https:\/\/minikelleraslianaokulu.com\/tur\/wp-content\/uploads\/2024\/04\/cocuk-yogasi-brans-dersi-minikeller-asli-anaokulu-corlu-1024x495.jpg 1024w, https:\/\/minikelleraslianaokulu.com\/tur\/wp-content\/uploads\/2024\/04\/cocuk-yogasi-brans-dersi-minikeller-asli-anaokulu-corlu-768x371.jpg 768w\" sizes=\"(max-width: 1154px) 100vw, 1154px\" \/><\/figure><div class=\"elementor-image-box-content\"><h3 class=\"elementor-image-box-title\">\u00c7ocuk Yogas\u0131<\/h3><p class=\"elementor-image-box-description\">Klasik Yoga duru\u015flar\u0131n\u0131n \u00e7ocuklar i\u00e7in uygun standartlara d\u00f6n\u00fc\u015ft\u00fcr\u00fclerek uyguland\u0131\u011f\u0131; e\u011flence, disiplin, kendine g\u00fcven ve sorumluluk duygusuyla birle\u015fti\u011fi, bireysel ve e\u015fli egzersizlerden olu\u015fan hareketler b\u00fct\u00fcn\u00fcne \u00c7ocuk Yogas\u0131 diyoruz.\n\n<\/br>\n\n- Haftada 1 saat\n<\/br>\n- Grup \u00c7al\u0131\u015fmas\u0131<\/p><\/div><\/div>\t\t\t\t<\/div>\n\t\t\t\t<\/div>\n\t\t\t\t<div class=\"elementor-element elementor-element-b3478c7 elementor-position-top elementor-widget elementor-widget-image-box\" data-id=\"b3478c7\" data-element_type=\"widget\" data-e-type=\"widget\" data-widget_type=\"image-box.default\">\n\t\t\t\t<div class=\"elementor-widget-container\">\n\t\t\t\t\t<div class=\"elementor-image-box-wrapper\"><figure class=\"elementor-image-box-img\"><img loading=\"lazy\" decoding=\"async\" width=\"568\" height=\"360\" src=\"https:\/\/minikelleraslianaokulu.com\/tur\/wp-content\/uploads\/2024\/04\/halk-oyunlari-brans-dersi-minikeller-asli-anaokulu-corlu.jpg\" class=\"attachment-2048x2048 size-2048x2048 wp-image-88\" alt=\"\" srcset=\"https:\/\/minikelleraslianaokulu.com\/tur\/wp-content\/uploads\/2024\/04\/halk-oyunlari-brans-dersi-minikeller-asli-anaokulu-corlu.jpg 568w, https:\/\/minikelleraslianaokulu.com\/tur\/wp-content\/uploads\/2024\/04\/halk-oyunlari-brans-dersi-minikeller-asli-anaokulu-corlu-300x190.jpg 300w\" sizes=\"(max-width: 568px) 100vw, 568px\" \/><\/figure><div class=\"elementor-image-box-content\"><h3 class=\"elementor-image-box-title\">Halk Oyunlar\u0131<\/h3><p class=\"elementor-image-box-description\">Kendi k\u00fclt\u00fcr\u00fcm\u00fcz\u00fcn tan\u0131t\u0131m\u0131nda ve \u00e7ocuklar\u0131m\u0131z\u0131n fark\u0131nda olmas\u0131n\u0131 sa\u011flamak amac\u0131yla folklor ve di\u011fer halk oyunlar\u0131 \u00e7al\u0131\u015fmalar\u0131\n\n<\/br>\n\n- Haftada 1 saat\n<\/br>\n- Grup \u00c7al\u0131\u015fmas\u0131<\/p><\/div><\/div>\t\t\t\t<\/div>\n\t\t\t\t<\/div>\n\t\t\t\t\t<\/div>\n\t\t\t\t<\/div>\n\t\t\t\t\t<\/div>\n\t\t\t\t<\/div>\n\t\t\t\t<\/div>\n\t\t","protected":false},"excerpt":{"rendered":"<p>Previous slide Next slide Onlar Mutlu Olsun diye.. \u00c7ocuklar, \u00e7ocuklar\u0131m\u0131z en de\u011ferli varl\u0131klar\u0131m\u0131z. Geli\u015fimin en verimli oldu\u011fu anaokulu d\u00f6neminde okuldaki etkinlikler sayesinde estetik ve yarat\u0131c\u0131l\u0131k , \u00e7evresel duyarl\u0131l\u0131k, bilimsel merak konular\u0131n\u0131 i\u015fleyerek geli\u015fimlerine katk\u0131 sa\u011flamaya \u00e7al\u0131\u015f\u0131yoruz. Okulumuz, \u00e7ocuklar\u0131m\u0131z i\u00e7in e\u011flenerek \u00f6\u011frendikleri, sosyalle\u015ftikleri, kendilerini ke\u015ffettikleri, olumlu benlik geli\u015ftirdikleri ,keyifle beslendikleri, \u00f6zbak\u0131m becerilerini ger\u00e7ekle\u015ftirdikleri bir ya\u015fam merkezidir. [&hellip;]<\/p>\n","protected":false},"author":1,"featured_media":0,"parent":0,"menu_order":0,"comment_status":"closed","ping_status":"closed","template":"","meta":{"footnotes":""},"class_list":["post-10","page","type-page","status-publish","hentry"],"_links":{"self":[{"href":"https:\/\/minikelleraslianaokulu.com\/tur\/wp-json\/wp\/v2\/pages\/10","targetHints":{"allow":["GET"]}}],"collection":[{"href":"https:\/\/minikelleraslianaokulu.com\/tur\/wp-json\/wp\/v2\/pages"}],"about":[{"href":"https:\/\/minikelleraslianaokulu.com\/tur\/wp-json\/wp\/v2\/types\/page"}],"author":[{"embeddable":true,"href":"https:\/\/minikelleraslianaokulu.com\/tur\/wp-json\/wp\/v2\/users\/1"}],"replies":[{"embeddable":true,"href":"https:\/\/minikelleraslianaokulu.com\/tur\/wp-json\/wp\/v2\/comments?post=10"}],"version-history":[{"count":16,"href":"https:\/\/minikelleraslianaokulu.com\/tur\/wp-json\/wp\/v2\/pages\/10\/revisions"}],"predecessor-version":[{"id":4235,"href":"https:\/\/minikelleraslianaokulu.com\/tur\/wp-json\/wp\/v2\/pages\/10\/revisions\/4235"}],"wp:attachment":[{"href":"https:\/\/minikelleraslianaokulu.com\/tur\/wp-json\/wp\/v2\/media?parent=10"}],"curies":[{"name":"wp","href":"https:\/\/api.w.org\/{rel}","templated":true}]}}